{"id":1906,"date":"2020-05-18T17:25:05","date_gmt":"2020-05-18T15:25:05","guid":{"rendered":"https:\/\/alex-l.com\/?page_id=1906"},"modified":"2020-05-25T12:12:14","modified_gmt":"2020-05-25T10:12:14","slug":"faq","status":"publish","type":"page","link":"https:\/\/alex-l.com\/en\/faq\/","title":{"rendered":"FAQ"},"content":{"rendered":"<div data-elementor-type=\"wp-page\" data-elementor-id=\"1906\" class=\"elementor elementor-1906\" data-elementor-settings=\"[]\">\n\t\t\t\t\t\t<div class=\"elementor-inner\">\n\t\t\t\t\t\t\t<div class=\"elementor-section-wrap\">\n\t\t\t\t\t\t\t<section class=\"elementor-section elementor-top-section elementor-element elementor-element-6d51fb9 elementor-section-boxed elementor-section-height-default elementor-section-height-default\" data-id=\"6d51fb9\" data-element_type=\"section\">\n\t\t\t\t\t\t<div class=\"elementor-container elementor-column-gap-default\">\n\t\t\t\t\t\t\t<div class=\"elementor-row\">\n\t\t\t\t\t<div class=\"elementor-column elementor-col-100 elementor-top-column elementor-element elementor-element-4271aba\" data-id=\"4271aba\" data-element_type=\"column\">\n\t\t\t<div class=\"elementor-column-wrap elementor-element-populated\">\n\t\t\t\t\t\t\t<div class=\"elementor-widget-wrap\">\n\t\t\t\t\t\t<div class=\"elementor-element elementor-element-43b2cb9 elementor-widget elementor-widget-spacer\" data-id=\"43b2cb9\" data-element_type=\"widget\" data-widget_type=\"spacer.default\">\n\t\t\t\t<div class=\"elementor-widget-container\">\n\t\t\t\t\t<div class=\"elementor-spacer\">\n\t\t\t<div class=\"elementor-spacer-inner\"><\/div>\n\t\t<\/div>\n\t\t\t\t<\/div>\n\t\t\t\t<\/div>\n\t\t\t\t<div class=\"elementor-element elementor-element-d7e0d54 elementor-widget elementor-widget-heading\" data-id=\"d7e0d54\" data-element_type=\"widget\" data-widget_type=\"heading.default\">\n\t\t\t\t<div class=\"elementor-widget-container\">\n\t\t\t<h1 class=\"elementor-heading-title elementor-size-default\">VOS QUESTIONS<\/h1>\t\t<\/div>\n\t\t\t\t<\/div>\n\t\t\t\t<div class=\"elementor-element elementor-element-09894b8 elementor-widget elementor-widget-spacer\" data-id=\"09894b8\" data-element_type=\"widget\" data-widget_type=\"spacer.default\">\n\t\t\t\t<div class=\"elementor-widget-container\">\n\t\t\t\t\t<div class=\"elementor-spacer\">\n\t\t\t<div class=\"elementor-spacer-inner\"><\/div>\n\t\t<\/div>\n\t\t\t\t<\/div>\n\t\t\t\t<\/div>\n\t\t\t\t<div class=\"elementor-element elementor-element-c319e8e elementor-widget elementor-widget-heading\" data-id=\"c319e8e\" data-element_type=\"widget\" data-widget_type=\"heading.default\">\n\t\t\t\t<div class=\"elementor-widget-container\">\n\t\t\t<h3 class=\"elementor-heading-title elementor-size-default\">Nos bijoux<\/h3>\t\t<\/div>\n\t\t\t\t<\/div>\n\t\t\t\t<div class=\"elementor-element elementor-element-183691c elementor-widget elementor-widget-accordion\" data-id=\"183691c\" data-element_type=\"widget\" data-widget_type=\"accordion.default\">\n\t\t\t\t<div class=\"elementor-widget-container\">\n\t\t\t\t\t<div class=\"elementor-accordion\" role=\"tablist\">\n\t\t\t\t\t\t\t<div class=\"elementor-accordion-item\">\n\t\t\t\t\t<div id=\"elementor-tab-title-2531\" class=\"elementor-tab-title\" data-tab=\"1\" role=\"tab\" aria-controls=\"elementor-tab-content-2531\" aria-expanded=\"false\">\n\t\t\t\t\t\t\t\t\t\t\t\t\t<span class=\"elementor-accordion-icon elementor-accordion-icon-left\" aria-hidden=\"true\">\n\t\t\t\t\t\t\t\t\t\t\t\t\t\t\t<span class=\"elementor-accordion-icon-closed\"><i class=\"fas fa-plus\"><\/i><\/span>\n\t\t\t\t\t\t\t\t<span class=\"elementor-accordion-icon-opened\"><i class=\"fas fa-minus\"><\/i><\/span>\n\t\t\t\t\t\t\t\t\t\t\t\t\t\t<\/span>\n\t\t\t\t\t\t\t\t\t\t\t\t<a class=\"elementor-accordion-title\" href=\"\">Comment ajuster votre bijou sur cordon Sergio H16 ?<\/a>\n\t\t\t\t\t<\/div>\n\t\t\t\t\t<div id=\"elementor-tab-content-2531\" class=\"elementor-tab-content elementor-clearfix\" data-tab=\"1\" role=\"tabpanel\" aria-labelledby=\"elementor-tab-title-2531\"><span style=\"font-weight: normal;\">Pour ajuster votre bijou sur cordon H16, veuillez vous r\u00e9f\u00e9rer aux sch\u00e9mas :<\/span>\n<h4><strong><center>\u00c9tape 1<\/center><\/strong>\n<img loading=\"lazy\" class=\"wp-image-1917 size-full aligncenter\" src=\"https:\/\/alex-l.com\/wp-content\/uploads\/2020\/05\/dessinexpweb1.jpg\" alt=\"\" width=\"600\" height=\"300\" srcset=\"https:\/\/alex-l.com\/wp-content\/uploads\/2020\/05\/dessinexpweb1.jpg 600w, https:\/\/alex-l.com\/wp-content\/uploads\/2020\/05\/dessinexpweb1-300x150.jpg 300w, https:\/\/alex-l.com\/wp-content\/uploads\/2020\/05\/dessinexpweb1-150x75.jpg 150w\" sizes=\"(max-width: 600px) 100vw, 600px\" \/><\/h4>\n<h4><strong><center>\u00c9tape 2<\/center><\/strong><\/h4>\n<img loading=\"lazy\" class=\"aligncenter wp-image-1897\" src=\"https:\/\/alex-l.com\/wp-content\/uploads\/2020\/05\/dessinsexplicatif2formatinsta.jpg\" alt=\"\" width=\"300\" height=\"300\" \/>\n<h4><strong><center>\u00c9tape 3<\/center><\/strong><\/h4>\n<img loading=\"lazy\" class=\"aligncenter wp-image-1898\" src=\"https:\/\/alex-l.com\/wp-content\/uploads\/2020\/05\/dessinexplicatif3formatinsta.jpg\" alt=\"\" width=\"300\" height=\"300\" \/>\n<h4><strong><center>\u00c9tape 4<\/center><\/strong><\/h4>\n<img loading=\"lazy\" class=\"aligncenter wp-image-1900\" src=\"https:\/\/alex-l.com\/wp-content\/uploads\/2020\/05\/dessinexplicatif4formatinsta.jpg\" alt=\"\" width=\"300\" height=\"300\" \/>\n\n&nbsp;\n\n&nbsp;\n\n&nbsp;<\/div>\n\t\t\t\t<\/div>\n\t\t\t\t\t\t\t<div class=\"elementor-accordion-item\">\n\t\t\t\t\t<div id=\"elementor-tab-title-2532\" class=\"elementor-tab-title\" data-tab=\"2\" role=\"tab\" aria-controls=\"elementor-tab-content-2532\" aria-expanded=\"false\">\n\t\t\t\t\t\t\t\t\t\t\t\t\t<span class=\"elementor-accordion-icon elementor-accordion-icon-left\" aria-hidden=\"true\">\n\t\t\t\t\t\t\t\t\t\t\t\t\t\t\t<span class=\"elementor-accordion-icon-closed\"><i class=\"fas fa-plus\"><\/i><\/span>\n\t\t\t\t\t\t\t\t<span class=\"elementor-accordion-icon-opened\"><i class=\"fas fa-minus\"><\/i><\/span>\n\t\t\t\t\t\t\t\t\t\t\t\t\t\t<\/span>\n\t\t\t\t\t\t\t\t\t\t\t\t<a class=\"elementor-accordion-title\" href=\"\">Comment prendre soin de mes  bijoux en Argent ?<\/a>\n\t\t\t\t\t<\/div>\n\t\t\t\t\t<div id=\"elementor-tab-content-2532\" class=\"elementor-tab-content elementor-clearfix\" data-tab=\"2\" role=\"tabpanel\" aria-labelledby=\"elementor-tab-title-2532\"><p class=\"_04xlpA direction-ltr align-start para-style-body\"><span class=\"JsGRdQ\">Nous vous prions de lire attentive les indications suivantes afin de garantir une long\u00e9vit\u00e9 sans faille \u00e0 votre bijou.<\/span><\/p><p class=\"_04xlpA direction-ltr align-start para-style-body\"><span class=\"JsGRdQ\">&#8211; Afin d&rsquo;\u00e9viter d&rsquo;endommager le m\u00e9tal, retirez votre bijou avant de vous laver les mains, de nager, d&rsquo;appliquer des produits cosm\u00e9tiques (parfum, maquillage,&#8230;) ou d&rsquo;utiliser des produits chimiques.<\/span><\/p><p class=\"_04xlpA direction-ltr align-start para-style-body\"><span class=\"JsGRdQ\">&#8211; Evitez les chocs avec des objets durs pour ne pas voir appara\u00eetre des rayures et autres d\u00e9g\u00e2ts.<\/span><\/p><p class=\"_04xlpA direction-ltr align-start para-style-body\"><span class=\"JsGRdQ\">&#8211; Lorsque vous ne portez pas votre bijou, il est important de le ranger dans son \u00e9crin d&rsquo;origine pour \u00e9viter toute rayure.<\/span><\/p><p class=\"_04xlpA direction-ltr align-start para-style-body\"><span class=\"JsGRdQ\">&#8211; Ne laissez pas votre bijou dans une pi\u00e8ce humide, cela pourrait l&rsquo;abimer.<\/span><\/p><p class=\"_04xlpA direction-ltr align-start para-style-body\"><span class=\"JsGRdQ\">&#8211; Prenez le temps de nettoyer r\u00e9guli\u00e8rement votre bijou \u00e0 l&rsquo;aide d&rsquo;un chiffon doux non-abrasif qui vous permettra<\/span> <span class=\"JsGRdQ\">d&rsquo;enlever tout r\u00e9sidu pouvant en alt\u00e9rer l&rsquo;aspect.<\/span><\/p><p class=\"_04xlpA direction-ltr align-start para-style-body\"><span class=\"JsGRdQ\">Nous comptons sur vous pour le ch\u00e9rir.<\/span><\/p><\/div>\n\t\t\t\t<\/div>\n\t\t\t\t\t\t\t\t<\/div>\n\t\t\t\t<\/div>\n\t\t\t\t<\/div>\n\t\t\t\t\t\t<\/div>\n\t\t\t\t\t<\/div>\n\t\t<\/div>\n\t\t\t\t\t\t\t\t<\/div>\n\t\t\t\t\t<\/div>\n\t\t<\/section>\n\t\t\t\t<section class=\"elementor-section elementor-top-section elementor-element elementor-element-bd97b2b elementor-section-boxed elementor-section-height-default elementor-section-height-default\" data-id=\"bd97b2b\" data-element_type=\"section\">\n\t\t\t\t\t\t<div class=\"elementor-container elementor-column-gap-default\">\n\t\t\t\t\t\t\t<div class=\"elementor-row\">\n\t\t\t\t\t<div class=\"elementor-column elementor-col-100 elementor-top-column elementor-element elementor-element-70b3d6b\" data-id=\"70b3d6b\" data-element_type=\"column\">\n\t\t\t<div class=\"elementor-column-wrap elementor-element-populated\">\n\t\t\t\t\t\t\t<div class=\"elementor-widget-wrap\">\n\t\t\t\t\t\t<div class=\"elementor-element elementor-element-67ded6a elementor-widget elementor-widget-spacer\" data-id=\"67ded6a\" data-element_type=\"widget\" data-widget_type=\"spacer.default\">\n\t\t\t\t<div class=\"elementor-widget-container\">\n\t\t\t\t\t<div class=\"elementor-spacer\">\n\t\t\t<div class=\"elementor-spacer-inner\"><\/div>\n\t\t<\/div>\n\t\t\t\t<\/div>\n\t\t\t\t<\/div>\n\t\t\t\t<div class=\"elementor-element elementor-element-7a213d5 elementor-widget elementor-widget-heading\" data-id=\"7a213d5\" data-element_type=\"widget\" data-widget_type=\"heading.default\">\n\t\t\t\t<div class=\"elementor-widget-container\">\n\t\t\t<h3 class=\"elementor-heading-title elementor-size-default\">Livraison et retour<\/h3>\t\t<\/div>\n\t\t\t\t<\/div>\n\t\t\t\t\t\t<\/div>\n\t\t\t\t\t<\/div>\n\t\t<\/div>\n\t\t\t\t\t\t\t\t<\/div>\n\t\t\t\t\t<\/div>\n\t\t<\/section>\n\t\t\t\t<section class=\"elementor-section elementor-top-section elementor-element elementor-element-11e3f87 elementor-section-boxed elementor-section-height-default elementor-section-height-default\" data-id=\"11e3f87\" data-element_type=\"section\">\n\t\t\t\t\t\t<div class=\"elementor-container elementor-column-gap-default\">\n\t\t\t\t\t\t\t<div class=\"elementor-row\">\n\t\t\t\t\t<div class=\"elementor-column elementor-col-100 elementor-top-column elementor-element elementor-element-5178a80\" data-id=\"5178a80\" data-element_type=\"column\">\n\t\t\t<div class=\"elementor-column-wrap elementor-element-populated\">\n\t\t\t\t\t\t\t<div class=\"elementor-widget-wrap\">\n\t\t\t\t\t\t<div class=\"elementor-element elementor-element-6270876 elementor-widget elementor-widget-accordion\" data-id=\"6270876\" data-element_type=\"widget\" data-widget_type=\"accordion.default\">\n\t\t\t\t<div class=\"elementor-widget-container\">\n\t\t\t\t\t<div class=\"elementor-accordion\" role=\"tablist\">\n\t\t\t\t\t\t\t<div class=\"elementor-accordion-item\">\n\t\t\t\t\t<div id=\"elementor-tab-title-1031\" class=\"elementor-tab-title\" data-tab=\"1\" role=\"tab\" aria-controls=\"elementor-tab-content-1031\" aria-expanded=\"false\">\n\t\t\t\t\t\t\t\t\t\t\t\t\t<span class=\"elementor-accordion-icon elementor-accordion-icon-left\" aria-hidden=\"true\">\n\t\t\t\t\t\t\t\t\t\t\t\t\t\t\t<span class=\"elementor-accordion-icon-closed\"><i class=\"fas fa-plus\"><\/i><\/span>\n\t\t\t\t\t\t\t\t<span class=\"elementor-accordion-icon-opened\"><i class=\"fas fa-minus\"><\/i><\/span>\n\t\t\t\t\t\t\t\t\t\t\t\t\t\t<\/span>\n\t\t\t\t\t\t\t\t\t\t\t\t<a class=\"elementor-accordion-title\" href=\"\">Quels sont nos d\u00e9lais de livraison ?<\/a>\n\t\t\t\t\t<\/div>\n\t\t\t\t\t<div id=\"elementor-tab-content-1031\" class=\"elementor-tab-content elementor-clearfix\" data-tab=\"1\" role=\"tabpanel\" aria-labelledby=\"elementor-tab-title-1031\"><p>Une fois prise en compte, la livraison en France se fait sous 48 \u00e0 72 heures. Pour ce qui est de l&rsquo;Europe, il faut compter 3 \u00e0 7 jours ouvrables. Les d\u00e9lais pour le reste du monde sont de 1 \u00e0 3 semaines.\u00a0<\/p><\/div>\n\t\t\t\t<\/div>\n\t\t\t\t\t\t\t<div class=\"elementor-accordion-item\">\n\t\t\t\t\t<div id=\"elementor-tab-title-1032\" class=\"elementor-tab-title\" data-tab=\"2\" role=\"tab\" aria-controls=\"elementor-tab-content-1032\" aria-expanded=\"false\">\n\t\t\t\t\t\t\t\t\t\t\t\t\t<span class=\"elementor-accordion-icon elementor-accordion-icon-left\" aria-hidden=\"true\">\n\t\t\t\t\t\t\t\t\t\t\t\t\t\t\t<span class=\"elementor-accordion-icon-closed\"><i class=\"fas fa-plus\"><\/i><\/span>\n\t\t\t\t\t\t\t\t<span class=\"elementor-accordion-icon-opened\"><i class=\"fas fa-minus\"><\/i><\/span>\n\t\t\t\t\t\t\t\t\t\t\t\t\t\t<\/span>\n\t\t\t\t\t\t\t\t\t\t\t\t<a class=\"elementor-accordion-title\" href=\"\">Combien co\u00fbte la livraison ?<\/a>\n\t\t\t\t\t<\/div>\n\t\t\t\t\t<div id=\"elementor-tab-content-1032\" class=\"elementor-tab-content elementor-clearfix\" data-tab=\"2\" role=\"tabpanel\" aria-labelledby=\"elementor-tab-title-1032\"><p>Le co\u00fbt de la livraison varie en fonction de votre localisation :\u00a0<\/p><ul><li>France : 10\u20ac<\/li><li>Europe : 15\u20ac<\/li><li>Reste du monde: 30\u20ac<\/li><\/ul><\/div>\n\t\t\t\t<\/div>\n\t\t\t\t\t\t\t\t<\/div>\n\t\t\t\t<\/div>\n\t\t\t\t<\/div>\n\t\t\t\t\t\t<\/div>\n\t\t\t\t\t<\/div>\n\t\t<\/div>\n\t\t\t\t\t\t\t\t<\/div>\n\t\t\t\t\t<\/div>\n\t\t<\/section>\n\t\t\t\t<section class=\"elementor-section elementor-top-section elementor-element elementor-element-56a96ec elementor-section-boxed elementor-section-height-default elementor-section-height-default\" data-id=\"56a96ec\" data-element_type=\"section\">\n\t\t\t\t\t\t<div class=\"elementor-container elementor-column-gap-default\">\n\t\t\t\t\t\t\t<div class=\"elementor-row\">\n\t\t\t\t\t<div class=\"elementor-column elementor-col-100 elementor-top-column elementor-element elementor-element-79096a8\" data-id=\"79096a8\" data-element_type=\"column\">\n\t\t\t<div class=\"elementor-column-wrap elementor-element-populated\">\n\t\t\t\t\t\t\t<div class=\"elementor-widget-wrap\">\n\t\t\t\t\t\t<div class=\"elementor-element elementor-element-7e5c73b elementor-widget elementor-widget-spacer\" data-id=\"7e5c73b\" data-element_type=\"widget\" data-widget_type=\"spacer.default\">\n\t\t\t\t<div class=\"elementor-widget-container\">\n\t\t\t\t\t<div class=\"elementor-spacer\">\n\t\t\t<div class=\"elementor-spacer-inner\"><\/div>\n\t\t<\/div>\n\t\t\t\t<\/div>\n\t\t\t\t<\/div>\n\t\t\t\t\t\t<\/div>\n\t\t\t\t\t<\/div>\n\t\t<\/div>\n\t\t\t\t\t\t\t\t<\/div>\n\t\t\t\t\t<\/div>\n\t\t<\/section>\n\t\t\t\t\t\t<\/div>\n\t\t\t\t\t\t<\/div>\n\t\t\t\t\t<\/div>","protected":false},"excerpt":{"rendered":"<p>VOS QUESTIONS Nos bijoux Comment ajuster votre bijou sur cordon Sergio H16 ? Pour ajuster votre bijou sur cordon H16, veuillez vous r\u00e9f\u00e9rer aux sch\u00e9mas : \u00c9tape 1 \u00c9tape 2 \u00c9tape 3 \u00c9tape 4 &nbsp; &nbsp; &nbsp; Comment prendre soin de mes bijoux en Argent ? Nous vous prions de lire attentive les indications suivantes &hellip;<\/p>\n<p class=\"read-more\"> <a class=\"\" href=\"https:\/\/alex-l.com\/en\/faq\/\"> <span class=\"screen-reader-text\">FAQ<\/span> Read More \u00bb<\/a><\/p>","protected":false},"author":2,"featured_media":0,"parent":0,"menu_order":0,"comment_status":"closed","ping_status":"closed","template":"","meta":[],"yoast_head":"<!-- This site is optimized with the Yoast SEO plugin v15.0 - https:\/\/yoast.com\/wordpress\/plugins\/seo\/ -->\n<title>Vos questions - ALEX L.<\/title>\n<meta name=\"description\" content=\"La collection de bijoux inspir\u00e9e de t\u00eates de morts mexicaines. Nous vous proposons des bijoux pour souligner votre style et r\u00e9v\u00e9leront votre identit\u00e9.\" \/>\n<meta name=\"robots\" content=\"index, follow, max-snippet:-1, max-image-preview:large, max-video-preview:-1\" \/>\n<link rel=\"canonical\" href=\"https:\/\/alex-l.com\/en\/faq\/\" \/>\n<meta property=\"og:locale\" content=\"en_GB\" \/>\n<meta property=\"og:type\" content=\"article\" \/>\n<meta property=\"og:title\" content=\"Vos questions - ALEX L.\" \/>\n<meta property=\"og:description\" content=\"La collection de bijoux inspir\u00e9e de t\u00eates de morts mexicaines. Nous vous proposons des bijoux pour souligner votre style et r\u00e9v\u00e9leront votre identit\u00e9.\" \/>\n<meta property=\"og:url\" content=\"https:\/\/alex-l.com\/en\/faq\/\" \/>\n<meta property=\"og:site_name\" content=\"ALEX L.\" \/>\n<meta property=\"article:publisher\" content=\"https:\/\/www.facebook.com\/alexlofficial\/\" \/>\n<meta property=\"article:modified_time\" content=\"2020-05-25T10:12:14+00:00\" \/>\n<meta property=\"og:image\" content=\"https:\/\/alex-l.com\/wp-content\/uploads\/2020\/05\/dessinexpweb1.jpg\" \/>\n<meta name=\"twitter:card\" content=\"summary_large_image\" \/>\n<script type=\"application\/ld+json\" class=\"yoast-schema-graph\">{\"@context\":\"https:\/\/schema.org\",\"@graph\":[{\"@type\":\"Organization\",\"@id\":\"https:\/\/alex-l.com\/en\/#organization\",\"name\":\"Alex L\",\"url\":\"https:\/\/alex-l.com\/en\/\",\"sameAs\":[\"https:\/\/www.facebook.com\/alexlofficial\/\",\"https:\/\/www.instagram.com\/alexl_official\/\",\"https:\/\/www.linkedin.com\/company\/alexl\/\"],\"logo\":{\"@type\":\"ImageObject\",\"@id\":\"https:\/\/alex-l.com\/en\/#logo\",\"inLanguage\":\"en-GB\",\"url\":\"https:\/\/alex-l.com\/wp-content\/uploads\/2020\/01\/logo-alexis-l-black.png\",\"width\":500,\"height\":106,\"caption\":\"Alex L\"},\"image\":{\"@id\":\"https:\/\/alex-l.com\/en\/#logo\"}},{\"@type\":\"WebSite\",\"@id\":\"https:\/\/alex-l.com\/en\/#website\",\"url\":\"https:\/\/alex-l.com\/en\/\",\"name\":\"ALEX L.\",\"description\":\"\",\"publisher\":{\"@id\":\"https:\/\/alex-l.com\/en\/#organization\"},\"potentialAction\":[{\"@type\":\"SearchAction\",\"target\":\"https:\/\/alex-l.com\/en\/?s={search_term_string}\",\"query-input\":\"required name=search_term_string\"}],\"inLanguage\":\"en-GB\"},{\"@type\":\"ImageObject\",\"@id\":\"https:\/\/alex-l.com\/faq\/#primaryimage\",\"inLanguage\":\"en-GB\",\"url\":\"https:\/\/alex-l.com\/wp-content\/uploads\/2020\/05\/dessinexpweb1.jpg\",\"width\":600,\"height\":300},{\"@type\":\"WebPage\",\"@id\":\"https:\/\/alex-l.com\/faq\/#webpage\",\"url\":\"https:\/\/alex-l.com\/faq\/\",\"name\":\"Vos questions - ALEX L.\",\"isPartOf\":{\"@id\":\"https:\/\/alex-l.com\/en\/#website\"},\"primaryImageOfPage\":{\"@id\":\"https:\/\/alex-l.com\/faq\/#primaryimage\"},\"datePublished\":\"2020-05-18T15:25:05+00:00\",\"dateModified\":\"2020-05-25T10:12:14+00:00\",\"description\":\"La collection de bijoux inspir\\u00e9e de t\\u00eates de morts mexicaines. Nous vous proposons des bijoux pour souligner votre style et r\\u00e9v\\u00e9leront votre identit\\u00e9.\",\"inLanguage\":\"en-GB\",\"potentialAction\":[{\"@type\":\"ReadAction\",\"target\":[\"https:\/\/alex-l.com\/faq\/\"]}]}]}<\/script>\n<!-- \/ Yoast SEO plugin. -->","_links":{"self":[{"href":"https:\/\/alex-l.com\/en\/wp-json\/wp\/v2\/pages\/1906"}],"collection":[{"href":"https:\/\/alex-l.com\/en\/wp-json\/wp\/v2\/pages"}],"about":[{"href":"https:\/\/alex-l.com\/en\/wp-json\/wp\/v2\/types\/page"}],"author":[{"embeddable":true,"href":"https:\/\/alex-l.com\/en\/wp-json\/wp\/v2\/users\/2"}],"replies":[{"embeddable":true,"href":"https:\/\/alex-l.com\/en\/wp-json\/wp\/v2\/comments?post=1906"}],"version-history":[{"count":7,"href":"https:\/\/alex-l.com\/en\/wp-json\/wp\/v2\/pages\/1906\/revisions"}],"predecessor-version":[{"id":1918,"href":"https:\/\/alex-l.com\/en\/wp-json\/wp\/v2\/pages\/1906\/revisions\/1918"}],"wp:attachment":[{"href":"https:\/\/alex-l.com\/en\/wp-json\/wp\/v2\/media?parent=1906"}],"curies":[{"name":"wp","href":"https:\/\/api.w.org\/{rel}","templated":true}]}}