{"id":1951,"date":"2020-08-26T15:20:38","date_gmt":"2020-08-26T13:20:38","guid":{"rendered":"https:\/\/alex-l.com\/?post_type=product&#038;p=1951"},"modified":"2022-01-27T19:50:48","modified_gmt":"2022-01-27T18:50:48","slug":"collier-sergio-h16-chaine-rectangulaire","status":"publish","type":"product","link":"https:\/\/alex-l.com\/en\/product\/collier-sergio-h16-chaine-rectangulaire\/","title":{"rendered":"Necklace Chain SERGIO H16"},"content":{"rendered":"<p>Le Collier Sergio, signe d&rsquo;\u00e9l\u00e9gance et de caract\u00e8re, s&rsquo;inspire des t\u00eates de morts mexicaines. Con\u00e7u pour repr\u00e9senter la vie, la collection Sergio a \u00e9t\u00e9 fabriqu\u00e9e en France. Elle repr\u00e9sente pleinement les valeurs d&rsquo;ALEX L..<\/p>\n<p>Le Collier Sergio H16, en Argent 925, est l\u00e0 pour affirmer votre style, votre identit\u00e9. Il sera capable de vous suivre dans toutes vos aventures.<\/p>","protected":false},"excerpt":{"rendered":"<p>Le Collier Sergio, signe d&rsquo;\u00e9l\u00e9gance et de caract\u00e8re, s&rsquo;inspire des t\u00eates de morts mexicaines. Con\u00e7u pour repr\u00e9senter la vie, la collection Sergio a \u00e9t\u00e9 fabriqu\u00e9e en France. Elle repr\u00e9sente pleinement les valeurs d&rsquo;ALEX L.. Le Collier Sergio H16, en Argent 925, est l\u00e0 pour affirmer votre style, votre identit\u00e9. Il sera capable de vous suivre &hellip;<\/p>\n<p class=\"read-more\"> <a class=\"\" href=\"https:\/\/alex-l.com\/en\/product\/collier-sergio-h16-chaine-rectangulaire\/\"> <span class=\"screen-reader-text\">Necklace Chain SERGIO H16<\/span> Read More \u00bb<\/a><\/p>","protected":false},"featured_media":1941,"template":"","meta":[],"yoast_head":"<!-- This site is optimized with the Yoast SEO plugin v15.0 - https:\/\/yoast.com\/wordpress\/plugins\/seo\/ -->\n<title>Collier Sergio H16 cha\u00eene rectangulaire - ALEX L.<\/title>\n<meta name=\"description\" content=\"La collection de bijoux inspir\u00e9e de t\u00eates de morts mexicaines. Nous vous proposons des bijoux pour souligner votre style et r\u00e9v\u00e9leront votre identit\u00e9.\" \/>\n<meta name=\"robots\" content=\"index, follow, max-snippet:-1, max-image-preview:large, max-video-preview:-1\" \/>\n<link rel=\"canonical\" href=\"https:\/\/alex-l.com\/en\/product\/collier-sergio-h16-chaine-rectangulaire\/\" \/>\n<meta property=\"og:locale\" content=\"en_GB\" \/>\n<meta property=\"og:type\" content=\"article\" \/>\n<meta property=\"og:title\" content=\"Collier Sergio H16 cha\u00eene rectangulaire - ALEX L.\" \/>\n<meta property=\"og:description\" content=\"La collection de bijoux inspir\u00e9e de t\u00eates de morts mexicaines. Nous vous proposons des bijoux pour souligner votre style et r\u00e9v\u00e9leront votre identit\u00e9.\" \/>\n<meta property=\"og:url\" content=\"https:\/\/alex-l.com\/en\/product\/collier-sergio-h16-chaine-rectangulaire\/\" \/>\n<meta property=\"og:site_name\" content=\"ALEX L.\" \/>\n<meta property=\"article:publisher\" content=\"https:\/\/www.facebook.com\/alexlofficial\/\" \/>\n<meta property=\"article:modified_time\" content=\"2022-01-27T18:50:48+00:00\" \/>\n<meta property=\"og:image\" content=\"https:\/\/alex-l.com\/wp-content\/uploads\/2020\/08\/collier-sergio-h16-rectangle.jpg\" \/>\n\t<meta property=\"og:image:width\" content=\"800\" \/>\n\t<meta property=\"og:image:height\" content=\"800\" \/>\n<meta name=\"twitter:card\" content=\"summary_large_image\" \/>\n<script type=\"application\/ld+json\" class=\"yoast-schema-graph\">{\"@context\":\"https:\/\/schema.org\",\"@graph\":[{\"@type\":\"Organization\",\"@id\":\"https:\/\/alex-l.com\/en\/#organization\",\"name\":\"Alex L\",\"url\":\"https:\/\/alex-l.com\/en\/\",\"sameAs\":[\"https:\/\/www.facebook.com\/alexlofficial\/\",\"https:\/\/www.instagram.com\/alexl_official\/\",\"https:\/\/www.linkedin.com\/company\/alexl\/\"],\"logo\":{\"@type\":\"ImageObject\",\"@id\":\"https:\/\/alex-l.com\/en\/#logo\",\"inLanguage\":\"en-GB\",\"url\":\"https:\/\/alex-l.com\/wp-content\/uploads\/2020\/01\/logo-alexis-l-black.png\",\"width\":500,\"height\":106,\"caption\":\"Alex L\"},\"image\":{\"@id\":\"https:\/\/alex-l.com\/en\/#logo\"}},{\"@type\":\"WebSite\",\"@id\":\"https:\/\/alex-l.com\/en\/#website\",\"url\":\"https:\/\/alex-l.com\/en\/\",\"name\":\"ALEX L.\",\"description\":\"\",\"publisher\":{\"@id\":\"https:\/\/alex-l.com\/en\/#organization\"},\"potentialAction\":[{\"@type\":\"SearchAction\",\"target\":\"https:\/\/alex-l.com\/en\/?s={search_term_string}\",\"query-input\":\"required name=search_term_string\"}],\"inLanguage\":\"en-GB\"},{\"@type\":\"ImageObject\",\"@id\":\"https:\/\/alex-l.com\/produit\/collier-sergio-h16-chaine-rectangulaire\/#primaryimage\",\"inLanguage\":\"en-GB\",\"url\":\"https:\/\/alex-l.com\/wp-content\/uploads\/2020\/08\/collier-sergio-h16-rectangle.jpg\",\"width\":800,\"height\":800},{\"@type\":\"WebPage\",\"@id\":\"https:\/\/alex-l.com\/produit\/collier-sergio-h16-chaine-rectangulaire\/#webpage\",\"url\":\"https:\/\/alex-l.com\/produit\/collier-sergio-h16-chaine-rectangulaire\/\",\"name\":\"Collier Sergio H16 cha\\u00eene rectangulaire - ALEX L.\",\"isPartOf\":{\"@id\":\"https:\/\/alex-l.com\/en\/#website\"},\"primaryImageOfPage\":{\"@id\":\"https:\/\/alex-l.com\/produit\/collier-sergio-h16-chaine-rectangulaire\/#primaryimage\"},\"datePublished\":\"2020-08-26T13:20:38+00:00\",\"dateModified\":\"2022-01-27T18:50:48+00:00\",\"description\":\"La collection de bijoux inspir\\u00e9e de t\\u00eates de morts mexicaines. Nous vous proposons des bijoux pour souligner votre style et r\\u00e9v\\u00e9leront votre identit\\u00e9.\",\"inLanguage\":\"en-GB\",\"potentialAction\":[{\"@type\":\"ReadAction\",\"target\":[\"https:\/\/alex-l.com\/produit\/collier-sergio-h16-chaine-rectangulaire\/\"]}]}]}<\/script>\n<!-- \/ Yoast SEO plugin. -->","_links":{"self":[{"href":"https:\/\/alex-l.com\/en\/wp-json\/wp\/v2\/product\/1951"}],"collection":[{"href":"https:\/\/alex-l.com\/en\/wp-json\/wp\/v2\/product"}],"about":[{"href":"https:\/\/alex-l.com\/en\/wp-json\/wp\/v2\/types\/product"}],"version-history":[{"count":1,"href":"https:\/\/alex-l.com\/en\/wp-json\/wp\/v2\/product\/1951\/revisions"}],"predecessor-version":[{"id":1952,"href":"https:\/\/alex-l.com\/en\/wp-json\/wp\/v2\/product\/1951\/revisions\/1952"}],"wp:featuredmedia":[{"embeddable":true,"href":"https:\/\/alex-l.com\/en\/wp-json\/wp\/v2\/media\/1941"}],"wp:attachment":[{"href":"https:\/\/alex-l.com\/en\/wp-json\/wp\/v2\/media?parent=1951"}],"curies":[{"name":"wp","href":"https:\/\/api.w.org\/{rel}","templated":true}]}}